{"id":4184,"date":"2023-05-23T11:25:49","date_gmt":"2023-05-23T08:25:49","guid":{"rendered":"https:\/\/frd.ibb.istanbul\/?page_id=4184"},"modified":"2024-08-20T20:29:27","modified_gmt":"2024-08-20T17:29:27","slug":"mayor","status":"publish","type":"page","link":"https:\/\/frd.ibb.istanbul\/en\/mayor\/","title":{"rendered":"Mayor"},"content":{"rendered":"<div  class='flex_column av-6ekmo8-a28d26c941018374acf37fd2711b25de av_one_third  avia-builder-el-0  el_before_av_two_third  avia-builder-el-first  first flex_column_div  '     ><style type=\"text\/css\" data-created_by=\"avia_inline_auto\" id=\"style-css-av-lj3favhh-0a0efdb1d9c172380a89ec7cd0deba02\">\n.avia-image-container.av-lj3favhh-0a0efdb1d9c172380a89ec7cd0deba02 img.avia_image{\nbox-shadow:none;\n}\n.avia-image-container.av-lj3favhh-0a0efdb1d9c172380a89ec7cd0deba02 .av-image-caption-overlay-center{\ncolor:#ffffff;\n}\n<\/style>\n<div  class='avia-image-container av-lj3favhh-0a0efdb1d9c172380a89ec7cd0deba02 av-styling- avia-align-center  avia-builder-el-1  avia-builder-el-no-sibling '   itemprop=\"image\" itemscope=\"itemscope\" itemtype=\"https:\/\/schema.org\/ImageObject\" ><div class=\"avia-image-container-inner\"><div class=\"avia-image-overlay-wrap\"><img decoding=\"async\" fetchpriority=\"high\" class='wp-image-8629 avia-img-lazy-loading-not-8629 avia_image ' src=\"https:\/\/frd.ibb.istanbul\/en\/wp-content\/uploads\/2023\/06\/baskan-845x684.jpg\" alt='' title='bas\u0327kan'  height=\"684\" width=\"845\"  itemprop=\"thumbnailUrl\" srcset=\"https:\/\/frd.ibb.istanbul\/en\/wp-content\/uploads\/2023\/06\/baskan-845x684.jpg 845w, https:\/\/frd.ibb.istanbul\/en\/wp-content\/uploads\/2023\/06\/baskan-495x400.jpg 495w\" sizes=\"(max-width: 845px) 100vw, 845px\" \/><\/div><\/div><\/div><\/div>\n<div  class='flex_column av-4s07w8-219de5cfb63c301be1f8d6f010a4482c av_two_third  avia-builder-el-2  el_after_av_one_third  el_before_av_social_share  flex_column_div  '     ><style type=\"text\/css\" data-created_by=\"avia_inline_auto\" id=\"style-css-av-anyo8-211624a19aed89568fc134c9fed59206\">\n#top .av_textblock_section.av-anyo8-211624a19aed89568fc134c9fed59206 .avia_textblock{\nfont-size:15px;\n}\n<\/style>\n<section  class='av_textblock_section av-anyo8-211624a19aed89568fc134c9fed59206 '   itemscope=\"itemscope\" itemtype=\"https:\/\/schema.org\/CreativeWork\" ><div class='avia_textblock'  itemprop=\"text\" ><p style=\"text-align: justify\">He was born in 1970 in Ak\u00e7aabat district of Trabzon. After graduating from Trabzon High School, he got into the Civil Engineering Department of Eastern Mediterranean University in TRNC. After a while, he enrolled in the Faculty of Communication at the Department of Business Administration of Girne American University. After two years of education in TRNC, he transferred to the Business Administration Department of Istanbul University and graduated in 1994. Thereafter, he received his Master&#8217;s degree in Human Resources and Management at Istanbul University.<\/p>\n<p style=\"text-align: justify\">In 1992, he started his business life in the family company engaged in construction and contracting works. He served as the Chairman of the Board at this company.<\/p>\n<p style=\"text-align: justify\">He worked as an executive at Trabzonspor Football Club, Trabzonspor Basketball Club and Beylikd\u00fcz\u00fcspor Club.<\/p>\n<p style=\"text-align: justify\">He married his wife Dilek Kaya \u0130mamo\u011flu in 1995. Their first son Mehmet Selim was born in 1997, their middle child Semih in 2005 and their daughter Beren in 2011.<\/p>\n<p style=\"text-align: justify\">He started his active political life in 2008 as a member of the Republican People&#8217;s Party (CHP). He was a candidate for nomination for Beylikd\u00fcz\u00fc District Mayor in the 2009 local elections. In the same year, he was elected as the Head of CHP Beylikd\u00fcz\u00fc District. He was the candidate of CHP for Beylikd\u00fcz\u00fc District Mayor in the 30 March 2014 local elections. He was elected as the Mayor of Beylikd\u00fcz\u00fc with 50.83% of the votes. He became a candidate for Mayor of Istanbul in the 2019 local elections. Following the elections held on March 31, he was elected as the Mayor of Istanbul. He took office on 17 April 2019, upon the completion of the recount procedures carried out as a result of the objections of Justice and Development Party&#8217;s (AKP) Istanbul Provincial Head Office. Upon the decision of the Supreme Electoral Board (YSK) on 6 May 2019, his mandate was annulled and the elections for Mayor of Istanbul were rerun on 23 June 2019. In the elections held on June 23, he was elected as the Mayor of Istanbul by receiving 54.21% of the votes. He received his certificate of election on 27 June 2019 and took office. Since then, he has been working for a fair, green and creative Istanbul. On 31 March 2024, he was re-elected as the Mayor of Istanbul with 51.14% of the votes in the local elections. In his second term as the Mayor, he is honored to provide equal service to the ancient city of Istanbul and 16 million Istanbulites.<\/p>\n<\/div><\/section><\/div><div  class='av-social-sharing-box av-lj3fnsof-6d35e97dc1cea1168a1021d728bbb169 av-social-sharing-box-circle  avia-builder-el-4  el_after_av_two_third  avia-builder-el-last  av-social-sharing-box-color-bg av-social-sharing-box-same-width av-social-sharing-center'><div class=\"av-share-box\"><h5 class='av-share-link-description av-no-toc '> \u0130BB Ba\u015fkan\u0131 Ekrem \u0130mamo\u011flu\u2019nun sosyal medya hesaplar\u0131:<\/h5><ul class=\"av-share-box-list noLightbox\"><li class='av-share-link av-social-link-twitter avia_social_iconfont' ><a target=\"_blank\" aria-label=\"Link to X\" href='https:\/\/x.com\/municipalityist' data-av_icon='\ue932' data-av_iconfont='entypo-fontello'  title='' data-avia-related-tooltip='Link to X'><span class='avia_hidden_link_text'>Link to X<\/span><\/a><\/li><li class='av-share-link av-social-link-instagram avia_social_iconfont' ><a target=\"_blank\" aria-label=\"Link to Instagram\" href='https:\/\/www.instagram.com\/ekremimamoglu\/' data-av_icon='\uf16d' data-av_iconfont='entypo-fontello'  title='' data-avia-related-tooltip='Link to Instagram'><span class='avia_hidden_link_text'>Link to Instagram<\/span><\/a><\/li><li class='av-share-link av-social-link-youtube avia_social_iconfont' ><a target=\"_blank\" aria-label=\"Link to Youtube\" href='https:\/\/www.youtube.com\/channel\/UCT0byua4qIz2wtrmnXoPK6w' data-av_icon='\uf16a' data-av_iconfont='entypo-fontello'  title='' data-avia-related-tooltip='Link to Youtube'><span class='avia_hidden_link_text'>Link to Youtube<\/span><\/a><\/li><\/ul><\/div><\/div><\/p>\n","protected":false},"excerpt":{"rendered":"","protected":false},"author":2,"featured_media":{"id":8629,"url":"https:\/\/frd.ibb.istanbul\/en\/wp-content\/uploads\/2023\/06\/baskan.jpg","sizes":{"thumbnail":"https:\/\/frd.ibb.istanbul\/en\/wp-content\/uploads\/2023\/06\/baskan-80x80.jpg","medium":"https:\/\/frd.ibb.istanbul\/en\/wp-content\/uploads\/2023\/06\/baskan-300x233.jpg","medium_large":"https:\/\/frd.ibb.istanbul\/en\/wp-content\/uploads\/2023\/06\/baskan-768x597.jpg","large":"https:\/\/frd.ibb.istanbul\/en\/wp-content\/uploads\/2023\/06\/baskan-1030x800.jpg","1536x1536":"https:\/\/frd.ibb.istanbul\/en\/wp-content\/uploads\/2023\/06\/baskan-1536x1193.jpg","2048x2048":"https:\/\/frd.ibb.istanbul\/en\/wp-content\/uploads\/2023\/06\/baskan.jpg","widget":"https:\/\/frd.ibb.istanbul\/en\/wp-content\/uploads\/2023\/06\/baskan-36x36.jpg","square":"https:\/\/frd.ibb.istanbul\/en\/wp-content\/uploads\/2023\/06\/baskan-180x180.jpg","featured":"https:\/\/frd.ibb.istanbul\/en\/wp-content\/uploads\/2023\/06\/baskan-1500x430.jpg","featured_large":"https:\/\/frd.ibb.istanbul\/en\/wp-content\/uploads\/2023\/06\/baskan-1500x630.jpg","extra_large":"https:\/\/frd.ibb.istanbul\/en\/wp-content\/uploads\/2023\/06\/baskan-1500x1165.jpg","portfolio":"https:\/\/frd.ibb.istanbul\/en\/wp-content\/uploads\/2023\/06\/baskan-495x400.jpg","portfolio_small":"https:\/\/frd.ibb.istanbul\/en\/wp-content\/uploads\/2023\/06\/baskan-260x185.jpg","gallery":"https:\/\/frd.ibb.istanbul\/en\/wp-content\/uploads\/2023\/06\/baskan-845x684.jpg","magazine":"https:\/\/frd.ibb.istanbul\/en\/wp-content\/uploads\/2023\/06\/baskan-710x375.jpg","masonry":"https:\/\/frd.ibb.istanbul\/en\/wp-content\/uploads\/2023\/06\/baskan-705x548.jpg","entry_with_sidebar":"https:\/\/frd.ibb.istanbul\/en\/wp-content\/uploads\/2023\/06\/baskan-845x321.jpg","entry_without_sidebar":"https:\/\/frd.ibb.istanbul\/en\/wp-content\/uploads\/2023\/06\/baskan-1210x423.jpg"}},"parent":0,"menu_order":0,"comment_status":"closed","ping_status":"closed","template":"","meta":{"footnotes":""},"categories":[1],"tags":[],"class_list":["post-4184","page","type-page","status-publish","format-standard","has-post-thumbnail","hentry","category-genel"],"_links":{"self":[{"href":"https:\/\/frd.ibb.istanbul\/en\/wp-json\/wp\/v2\/pages\/4184","targetHints":{"allow":["GET"]}}],"collection":[{"href":"https:\/\/frd.ibb.istanbul\/en\/wp-json\/wp\/v2\/pages"}],"about":[{"href":"https:\/\/frd.ibb.istanbul\/en\/wp-json\/wp\/v2\/types\/page"}],"author":[{"embeddable":true,"href":"https:\/\/frd.ibb.istanbul\/en\/wp-json\/wp\/v2\/users\/2"}],"replies":[{"embeddable":true,"href":"https:\/\/frd.ibb.istanbul\/en\/wp-json\/wp\/v2\/comments?post=4184"}],"version-history":[{"count":49,"href":"https:\/\/frd.ibb.istanbul\/en\/wp-json\/wp\/v2\/pages\/4184\/revisions"}],"predecessor-version":[{"id":13224,"href":"https:\/\/frd.ibb.istanbul\/en\/wp-json\/wp\/v2\/pages\/4184\/revisions\/13224"}],"wp:featuredmedia":[{"embeddable":true,"href":"https:\/\/frd.ibb.istanbul\/en\/wp-json\/wp\/v2\/media\/8629"}],"wp:attachment":[{"href":"https:\/\/frd.ibb.istanbul\/en\/wp-json\/wp\/v2\/media?parent=4184"}],"wp:term":[{"taxonomy":"category","embeddable":true,"href":"https:\/\/frd.ibb.istanbul\/en\/wp-json\/wp\/v2\/categories?post=4184"},{"taxonomy":"post_tag","embeddable":true,"href":"https:\/\/frd.ibb.istanbul\/en\/wp-json\/wp\/v2\/tags?post=4184"}],"curies":[{"name":"wp","href":"https:\/\/api.w.org\/{rel}","templated":true}]}}