{"id":156,"date":"2015-07-16T09:12:51","date_gmt":"2015-07-16T09:12:51","guid":{"rendered":"http:\/\/test.kriesi.at\/minimal-portfolio\/?page_id=156"},"modified":"2025-09-10T16:03:30","modified_gmt":"2025-09-10T13:03:30","slug":"contact","status":"publish","type":"page","link":"https:\/\/frd.ibb.istanbul\/en\/contact\/","title":{"rendered":"Contact"},"content":{"rendered":"<div id='av-layout-grid-1'  class='av-layout-grid-container av-6m0sk-ed9150d16decb1130a1cb1705df3c373 entry-content-wrapper main_color av-flex-cells  avia-builder-el-0  el_before_av_one_third  avia-builder-el-first  av-cell-min-height av-cell-min-height-100  container_wrap fullsize'   data-av_minimum_height_pc='100'>\n\n<style type=\"text\/css\" data-created_by=\"avia_inline_auto\" id=\"style-css-av-lg4tp83u-46eb628d257f6c225bf7bbc181b5097e\">\n.flex_cell.av-lg4tp83u-46eb628d257f6c225bf7bbc181b5097e{\nvertical-align:middle;\n}\n.responsive #top #wrap_all .flex_cell.av-lg4tp83u-46eb628d257f6c225bf7bbc181b5097e{\npadding:0px 0px 0px 0px !important;\n}\n<\/style>\n<div class='flex_cell av-lg4tp83u-46eb628d257f6c225bf7bbc181b5097e av-gridrow-cell av_one_full no_margin  avia-builder-el-1  avia-builder-el-no-sibling  content-align-middle av-zero-padding'  ><div class='flex_cell_inner'>\n<\/div><\/div>\n<\/div><div id='after_grid_row_1'  class='main_color av_default_container_wrap container_wrap fullsize'  ><div class='container av-section-cont-open' ><div class='template-page content  av-content-full alpha units'><div class='post-entry post-entry-type-page post-entry-156'><div class='entry-content-wrapper clearfix'>\n<div  class='flex_column av-nh94s-268d8dab391d6103c24026aed492fec4 av_one_third  avia-builder-el-3  el_after_av_layout_row  el_before_av_one_third  avia-builder-el-first  arkaplan first flex_column_div  '     ><p>\n<style type=\"text\/css\" data-created_by=\"avia_inline_auto\" id=\"style-css-av-lia6ndg3-bdcc1a86eed94010e2b3188d8d801c02\">\n#top .togglecontainer.av-lia6ndg3-bdcc1a86eed94010e2b3188d8d801c02 p.toggler{\ncolor:#000000;\nbackground-color:#ffffff;\nborder-color:#000000;\n}\n#top .togglecontainer.av-lia6ndg3-bdcc1a86eed94010e2b3188d8d801c02 p.toggler:not(.activeTitle):hover{\ncolor:#d65799;\n}\n#top .togglecontainer.av-lia6ndg3-bdcc1a86eed94010e2b3188d8d801c02 p.toggler:not(.activeTitle):hover .toggle_icon, #top .togglecontainer.av-lia6ndg3-bdcc1a86eed94010e2b3188d8d801c02 p.toggler:not(.activeTitle):hover .toggle_icon *{\nborder-color:#d65799 !important;\n}\n#top .togglecontainer.av-lia6ndg3-bdcc1a86eed94010e2b3188d8d801c02 p.toggler .toggle_icon{\ncolor:#000000;\nborder-color:#000000;\n}\n#top .togglecontainer.av-lia6ndg3-bdcc1a86eed94010e2b3188d8d801c02 p.toggler .toggle_icon > span{\ncolor:#000000;\nborder-color:#000000;\n}\n#top .togglecontainer.av-lia6ndg3-bdcc1a86eed94010e2b3188d8d801c02 .toggle_wrap .toggle_content{\ncolor:#000000;\nbackground-color:#ffffff;\nborder-color:#000000;\n}\n<\/style>\n<div  class='togglecontainer av-lia6ndg3-bdcc1a86eed94010e2b3188d8d801c02 av-elegant-toggle  avia-builder-el-4  el_before_av_icon_box  avia-builder-el-first  toggle_close_all'  itemscope=\"itemscope\" itemtype=\"https:\/\/schema.org\/FAQPage\" >\n<section class='av_toggle_section av-lia6n1m9-2c7cd15d699ec2c2fd34a4729a48eab5'  itemscope=\"itemscope\" itemprop=\"mainEntity\" itemtype=\"https:\/\/schema.org\/Question\" ><div role=\"tablist\" class=\"single_toggle\" data-tags=\"{All} \"  ><p id='toggle-toggle-id-1' data-fake-id='#toggle-id-1' class='toggler  activeTitle av-title-above av-inherit-border-color'  itemprop=\"name\"  role='tab' tabindex='0' aria-controls='toggle-id-1' data-slide-speed=\"200\" data-title=\"Foreing Relations Departmant\" data-title-open=\"\" data-aria_collapsed=\"Click to expand: Foreing Relations Departmant\" data-aria_expanded=\"Click to collapse: Foreing Relations Departmant\">Foreing Relations Departmant<span class=\"toggle_icon\"><span class=\"vert_icon\"><\/span><span class=\"hor_icon\"><\/span><\/span><\/p><div id='toggle-id-1' aria-labelledby='toggle-toggle-id-1' role='region' class='toggle_wrap  active_tc av-title-above' style='display:block;'  itemscope=\"itemscope\" itemprop=\"acceptedAnswer\" itemtype=\"https:\/\/schema.org\/Answer\" ><div class='toggle_content invers-color av-inherit-border-color'  itemprop=\"text\" ><p>\u0130stanbul Metropolitan Municipality Osmaniye Mah. \u00c7oban\u00e7e\u015fme Ko\u015fuyolu Blv. No:5 Bak\u0131rk\u00f6y\/\u0130stanbul\/T\u00dcRK\u0130YE<\/p>\n<p>Phone: +90 212 449 81 21\/22<\/p>\n<\/div><\/div><\/div><\/section>\n<\/div><br \/>\n<article  class='iconbox iconbox_left av-lj4gi3g1-47ad0474a1698318d95fd7b5926525e6  avia-builder-el-5  el_after_av_toggle_container  avia-builder-el-last '  itemscope=\"itemscope\" itemtype=\"https:\/\/schema.org\/CreativeWork\" ><div class=\"iconbox_content\"><header class=\"entry-content-header\" aria-label=\"Icon: Send an E-mail\"><div class='iconbox_icon heading-color avia-iconfont avia-font-entypo-fontello' data-av_icon='\ue805' data-av_iconfont='entypo-fontello' title=\"Send an E-mail\" desc=\"Send an E-mail\" ><\/div><h2 class='iconbox_content_title '  itemprop=\"headline\" ><a href='mailto:frd@ibb.istanbul' title='Send an E-mail'  >Send an E-mail<\/a><\/h2><\/header><div class='iconbox_content_container '  itemprop=\"text\" ><\/div><\/div><footer class=\"entry-footer\"><\/footer><\/article><\/p><\/div><div  class='flex_column av-fw9z0-f4fdb2747500fc87183c0c05f5e9832f av_one_third  avia-builder-el-6  el_after_av_one_third  el_before_av_one_third  flex_column_div  '     ><p>\n<style type=\"text\/css\" data-created_by=\"avia_inline_auto\" id=\"style-css-av-yhqa4-90a811c6fdbd70870d1eeaf25ef6801a\">\n#top .togglecontainer.av-yhqa4-90a811c6fdbd70870d1eeaf25ef6801a p.toggler{\ncolor:#000000;\nbackground-color:#ffffff;\nborder-color:#000000;\n}\n#top .togglecontainer.av-yhqa4-90a811c6fdbd70870d1eeaf25ef6801a p.toggler:not(.activeTitle):hover{\ncolor:#d65799;\n}\n#top .togglecontainer.av-yhqa4-90a811c6fdbd70870d1eeaf25ef6801a p.toggler:not(.activeTitle):hover .toggle_icon, #top .togglecontainer.av-yhqa4-90a811c6fdbd70870d1eeaf25ef6801a p.toggler:not(.activeTitle):hover .toggle_icon *{\nborder-color:#d65799 !important;\n}\n#top .togglecontainer.av-yhqa4-90a811c6fdbd70870d1eeaf25ef6801a p.toggler .toggle_icon{\ncolor:#000000;\nborder-color:#000000;\n}\n#top .togglecontainer.av-yhqa4-90a811c6fdbd70870d1eeaf25ef6801a p.toggler .toggle_icon > span{\ncolor:#000000;\nborder-color:#000000;\n}\n#top .togglecontainer.av-yhqa4-90a811c6fdbd70870d1eeaf25ef6801a .toggle_wrap .toggle_content{\ncolor:#000000;\nbackground-color:#ffffff;\nborder-color:#000000;\n}\n<\/style>\n<div  class='togglecontainer av-yhqa4-90a811c6fdbd70870d1eeaf25ef6801a av-elegant-toggle  avia-builder-el-7  el_before_av_icon_box  avia-builder-el-first  toggle_close_all' >\n<section class='av_toggle_section av-oijq4-4c49aea218634c72ef6d3fa4cd1e8a74'  itemscope=\"itemscope\" itemtype=\"https:\/\/schema.org\/CreativeWork\" ><div role=\"tablist\" class=\"single_toggle\" data-tags=\"{All} \"  ><p id='toggle-toggle-id-2' data-fake-id='#toggle-id-2' class='toggler  activeTitle av-title-above av-inherit-border-color'  itemprop=\"headline\"  role='tab' tabindex='0' aria-controls='toggle-id-2' data-slide-speed=\"200\" data-title=\"Foreing Relations Directorate\" data-title-open=\"\" data-aria_collapsed=\"Click to expand: Foreing Relations Directorate\" data-aria_expanded=\"Click to collapse: Foreing Relations Directorate\">Foreing Relations Directorate<span class=\"toggle_icon\"><span class=\"vert_icon\"><\/span><span class=\"hor_icon\"><\/span><\/span><\/p><div id='toggle-id-2' aria-labelledby='toggle-toggle-id-2' role='region' class='toggle_wrap  active_tc av-title-above' style='display:block;' ><div class='toggle_content invers-color av-inherit-border-color'  itemprop=\"text\" ><p>\u0130stanbul Metropolitan Municipality Osmaniye Mah. \u00c7oban\u00e7e\u015fme Ko\u015fuyolu Blv. No:5 Bak\u0131rk\u00f6y\/\u0130stanbul\/T\u00dcRK\u0130YE<\/p>\n<p>Phone: +90 212 449 81 23\/24<\/p>\n<\/div><\/div><\/div><\/section>\n<\/div><br \/>\n<article  class='iconbox iconbox_left av-lj4govch-1f94beff1158e4fe6fe3d94e80f1210d  avia-builder-el-8  el_after_av_toggle_container  avia-builder-el-last '  itemscope=\"itemscope\" itemtype=\"https:\/\/schema.org\/CreativeWork\" ><div class=\"iconbox_content\"><header class=\"entry-content-header\" aria-label=\"Icon: Send an E-mail\"><div class='iconbox_icon heading-color avia-iconfont avia-font-entypo-fontello' data-av_icon='\ue805' data-av_iconfont='entypo-fontello' title=\"Send an E-mail\" desc=\"Send an E-mail\" ><\/div><h2 class='iconbox_content_title '  itemprop=\"headline\" ><a href='mailto:frd@ibb.istanbul' title='Send an E-mail'  >Send an E-mail<\/a><\/h2><\/header><div class='iconbox_content_container '  itemprop=\"text\" ><\/div><\/div><footer class=\"entry-footer\"><\/footer><\/article><\/p><\/div><\/p>\n<div  class='flex_column av-7ej10-9f4b774f9cfff63cd4791027e17a20a5 av_one_third  avia-builder-el-9  el_after_av_one_third  avia-builder-el-last  flex_column_div  '     ><p>\n<style type=\"text\/css\" data-created_by=\"avia_inline_auto\" id=\"style-css-av-hima4-8685b516fbbff9d71189233fcf9aeec0\">\n#top .togglecontainer.av-hima4-8685b516fbbff9d71189233fcf9aeec0 p.toggler{\ncolor:#000000;\nbackground-color:#ffffff;\nborder-color:#000000;\n}\n#top .togglecontainer.av-hima4-8685b516fbbff9d71189233fcf9aeec0 p.toggler:not(.activeTitle):hover{\ncolor:#d65799;\n}\n#top .togglecontainer.av-hima4-8685b516fbbff9d71189233fcf9aeec0 p.toggler:not(.activeTitle):hover .toggle_icon, #top .togglecontainer.av-hima4-8685b516fbbff9d71189233fcf9aeec0 p.toggler:not(.activeTitle):hover .toggle_icon *{\nborder-color:#d65799 !important;\n}\n#top .togglecontainer.av-hima4-8685b516fbbff9d71189233fcf9aeec0 p.toggler .toggle_icon{\ncolor:#000000;\nborder-color:#000000;\n}\n#top .togglecontainer.av-hima4-8685b516fbbff9d71189233fcf9aeec0 p.toggler .toggle_icon > span{\ncolor:#000000;\nborder-color:#000000;\n}\n#top .togglecontainer.av-hima4-8685b516fbbff9d71189233fcf9aeec0 .toggle_wrap .toggle_content{\ncolor:#000000;\nbackground-color:#ffffff;\nborder-color:#000000;\n}\n<\/style>\n<div  class='togglecontainer av-hima4-8685b516fbbff9d71189233fcf9aeec0 av-elegant-toggle  avia-builder-el-10  el_before_av_icon_box  avia-builder-el-first  toggle_close_all' >\n<section class='av_toggle_section av-89iro-9f6c75141b95d76945fed497fbab0a12'  itemscope=\"itemscope\" itemtype=\"https:\/\/schema.org\/CreativeWork\" ><div role=\"tablist\" class=\"single_toggle\" data-tags=\"{All} \"  ><p id='toggle-toggle-id-3' data-fake-id='#toggle-id-3' class='toggler  activeTitle av-title-above av-inherit-border-color'  itemprop=\"headline\"  role='tab' tabindex='0' aria-controls='toggle-id-3' data-slide-speed=\"200\" data-title=\"EU Relations Directorate\" data-title-open=\"\" data-aria_collapsed=\"Click to expand: EU Relations Directorate\" data-aria_expanded=\"Click to collapse: EU Relations Directorate\">EU Relations Directorate<span class=\"toggle_icon\"><span class=\"vert_icon\"><\/span><span class=\"hor_icon\"><\/span><\/span><\/p><div id='toggle-id-3' aria-labelledby='toggle-toggle-id-3' role='region' class='toggle_wrap  active_tc av-title-above' style='display:block;' ><div class='toggle_content invers-color av-inherit-border-color'  itemprop=\"text\" ><p>\u0130stanbul Metropolitan Municipality Osmaniye Mah. \u00c7oban\u00e7e\u015fme Ko\u015fuyolu Bulvar\u0131 No:5 34568 Bak\u0131rk\u00f6y \/ \u0130stanbul &#8211; T\u00dcRK\u0130YE<\/p>\n<p>Phone: +90 212 449 98 68<\/p>\n<p>Fax: +90 212 449 51 68<\/p>\n<\/div><\/div><\/div><\/section>\n<\/div><br \/>\n<article  class='iconbox iconbox_left av-lj4gp634-3777cb2547d1d272a90d6b5a14fc9ab2  avia-builder-el-11  el_after_av_toggle_container  avia-builder-el-last '  itemscope=\"itemscope\" itemtype=\"https:\/\/schema.org\/CreativeWork\" ><div class=\"iconbox_content\"><header class=\"entry-content-header\" aria-label=\"Icon: Send an E-mail\"><div class='iconbox_icon heading-color avia-iconfont avia-font-entypo-fontello' data-av_icon='\ue805' data-av_iconfont='entypo-fontello' title=\"Send an E-mail\" desc=\"Send an E-mail\" ><\/div><h2 class='iconbox_content_title '  itemprop=\"headline\" ><a href='mailto:dl.ab.proje@ibb.gov.tr' title='Send an E-mail'  >Send an E-mail<\/a><\/h2><\/header><div class='iconbox_content_container '  itemprop=\"text\" ><\/div><\/div><footer class=\"entry-footer\"><\/footer><\/article><\/p><\/div>\n","protected":false},"excerpt":{"rendered":"","protected":false},"author":1,"featured_media":0,"parent":0,"menu_order":0,"comment_status":"closed","ping_status":"closed","template":"","meta":{"footnotes":""},"categories":[1],"tags":[],"class_list":["post-156","page","type-page","status-publish","format-standard","hentry","category-genel"],"_links":{"self":[{"href":"https:\/\/frd.ibb.istanbul\/en\/wp-json\/wp\/v2\/pages\/156","targetHints":{"allow":["GET"]}}],"collection":[{"href":"https:\/\/frd.ibb.istanbul\/en\/wp-json\/wp\/v2\/pages"}],"about":[{"href":"https:\/\/frd.ibb.istanbul\/en\/wp-json\/wp\/v2\/types\/page"}],"author":[{"embeddable":true,"href":"https:\/\/frd.ibb.istanbul\/en\/wp-json\/wp\/v2\/users\/1"}],"replies":[{"embeddable":true,"href":"https:\/\/frd.ibb.istanbul\/en\/wp-json\/wp\/v2\/comments?post=156"}],"version-history":[{"count":61,"href":"https:\/\/frd.ibb.istanbul\/en\/wp-json\/wp\/v2\/pages\/156\/revisions"}],"predecessor-version":[{"id":15869,"href":"https:\/\/frd.ibb.istanbul\/en\/wp-json\/wp\/v2\/pages\/156\/revisions\/15869"}],"wp:attachment":[{"href":"https:\/\/frd.ibb.istanbul\/en\/wp-json\/wp\/v2\/media?parent=156"}],"wp:term":[{"taxonomy":"category","embeddable":true,"href":"https:\/\/frd.ibb.istanbul\/en\/wp-json\/wp\/v2\/categories?post=156"},{"taxonomy":"post_tag","embeddable":true,"href":"https:\/\/frd.ibb.istanbul\/en\/wp-json\/wp\/v2\/tags?post=156"}],"curies":[{"name":"wp","href":"https:\/\/api.w.org\/{rel}","templated":true}]}}