{"id":12937,"date":"2024-05-09T11:30:04","date_gmt":"2024-05-09T08:30:04","guid":{"rendered":"https:\/\/frd.ibb.istanbul\/en\/?page_id=12937"},"modified":"2024-08-23T10:19:33","modified_gmt":"2024-08-23T07:19:33","slug":"visit-of-the-consul-general-of-turkmenistan","status":"publish","type":"page","link":"https:\/\/frd.ibb.istanbul\/en\/visit-of-the-consul-general-of-turkmenistan\/","title":{"rendered":"VISIT OF THE CONSUL GENERAL OF TURKMENISTAN"},"content":{"rendered":"<div class='flex_column_table av-1gwddjd-03e646905ccf8f779026ed643f29fece sc-av_three_fifth av-equal-height-column-flextable'>\n<style type=\"text\/css\" data-created_by=\"avia_inline_auto\" id=\"style-css-av-1gwddjd-03e646905ccf8f779026ed643f29fece\">\n.flex_column.av-1gwddjd-03e646905ccf8f779026ed643f29fece{\nborder-radius:0px 0px 0px 0px;\npadding:40px 40px 40px 40px;\nbackground-color:#f7f7f7;\n}\n<\/style>\n<div  class='flex_column av-1gwddjd-03e646905ccf8f779026ed643f29fece av_three_fifth  avia-builder-el-0  el_before_av_two_fifth  avia-builder-el-first  first no_margin flex_column_table_cell av-equal-height-column av-align-top  '     ><p>\n<style type=\"text\/css\" data-created_by=\"avia_inline_auto\" id=\"style-css-av-lzv0pzpp-78a0779b48601717033ce7db6c2b66f8\">\n#top .av-special-heading.av-lzv0pzpp-78a0779b48601717033ce7db6c2b66f8{\npadding-bottom:15px;\ncolor:#000000;\n}\nbody .av-special-heading.av-lzv0pzpp-78a0779b48601717033ce7db6c2b66f8 .av-special-heading-tag .heading-char{\nfont-size:25px;\n}\n#top #wrap_all .av-special-heading.av-lzv0pzpp-78a0779b48601717033ce7db6c2b66f8 .av-special-heading-tag{\nfont-size:30px;\n}\n.av-special-heading.av-lzv0pzpp-78a0779b48601717033ce7db6c2b66f8 .special-heading-inner-border{\nborder-color:#000000;\n}\n.av-special-heading.av-lzv0pzpp-78a0779b48601717033ce7db6c2b66f8 .av-subheading{\nfont-size:15px;\n}\n<\/style>\n<div  class='av-special-heading av-lzv0pzpp-78a0779b48601717033ce7db6c2b66f8 av-special-heading-h1 custom-color-heading  avia-builder-el-1  el_before_av_textblock  avia-builder-el-first '><h1 class='av-special-heading-tag '  itemprop=\"headline\"  >Visit of the Consul General of Turkmenistan <\/h1><div class=\"special-heading-border\"><div class=\"special-heading-inner-border\"><\/div><\/div><\/div><br \/>\n<section  class='av_textblock_section av-lzv0q6qu-e7bf9822e40a720d78b9fa9e2d030755 '   itemscope=\"itemscope\" itemtype=\"https:\/\/schema.org\/CreativeWork\" ><div class='avia_textblock'  itemprop=\"text\" ><p class=\"av-special-heading-tag\">9 May 2024<\/p>\n<\/div><\/section><br \/>\n<section  class='av_textblock_section av-lzv0qhg3-44f58be4a53f936ac4cfc5740a93220e '   itemscope=\"itemscope\" itemtype=\"https:\/\/schema.org\/CreativeWork\" ><div class='avia_textblock'  itemprop=\"text\" ><p style=\"text-align: justify\">Hon. Muhammetnur \u00d6wezow, Consul General of Turkmenistan in Istanbul, visited Mr. Barbaros B\u00fcy\u00fcksa\u011fnak, Head of the Foreign Relations Department at Istanbul Metropolitan Municipality. During the meeting, the details of the events planned for the 300th anniversary of the birth of Magtymguly Pyragy, a prominent poet in our common culture, were discussed.<\/p>\n<\/div><\/section><\/p><\/div>\n<style type=\"text\/css\" data-created_by=\"avia_inline_auto\" id=\"style-css-av-zk4drd-ebe45ad3ea2744d0c77a09b485c0339b\">\n.flex_column.av-zk4drd-ebe45ad3ea2744d0c77a09b485c0339b{\nborder-radius:0px 0px 0px 0px;\npadding:0px 0px 0px 0px;\nbackground-color:#f7f7f7;\n}\n<\/style>\n<div  class='flex_column av-zk4drd-ebe45ad3ea2744d0c77a09b485c0339b av_two_fifth  avia-builder-el-4  el_after_av_three_fifth  avia-builder-el-last  no_margin flex_column_table_cell av-equal-height-column av-align-top av-zero-column-padding  '     ><div  class='avia-slideshow av-lzv0s41c-4c6d1313f3ebf58e050c66fa83f8ed1c avia-slideshow-gallery av_slideshow avia-slide_up-slider  avia-builder-el-5  avia-builder-el-no-sibling  av-slideshow-ui av-control-hidden av-no-slider-navigation av-hide-nav-arrows av-slideshow-autoplay av-loop-endless av-loop-manual-endless av-default-height-applied avia-slideshow-1' data-slideshow-options=\"{&quot;animation&quot;:&quot;slide_up&quot;,&quot;autoplay&quot;:true,&quot;loop_autoplay&quot;:&quot;endless&quot;,&quot;interval&quot;:3,&quot;loop_manual&quot;:&quot;manual-endless&quot;,&quot;autoplay_stopper&quot;:false,&quot;noNavigation&quot;:true,&quot;bg_slider&quot;:false,&quot;keep_padding&quot;:false,&quot;hoverpause&quot;:false,&quot;show_slide_delay&quot;:0}\"  itemprop=\"image\" itemscope=\"itemscope\" itemtype=\"https:\/\/schema.org\/ImageObject\" ><ul class='avia-slideshow-inner ' style='padding-bottom: 80.94674556213%;'><li  class='avia-slideshow-slide av-lzv0s41c-4c6d1313f3ebf58e050c66fa83f8ed1c__0  av-single-slide slide-1 slide-odd'><div data-rel='slideshow-1' class='avia-slide-wrap '   ><img decoding=\"async\" fetchpriority=\"high\" class=\"wp-image-12328 avia-img-lazy-loading-not-12328\"  src=\"https:\/\/frd.ibb.istanbul\/en\/wp-content\/uploads\/2024\/05\/Turkmenistan-scaled-845x684.jpeg\" width=\"845\" height=\"684\" title='T\u00fcrkmenistan' alt=''  itemprop=\"thumbnailUrl\" srcset=\"https:\/\/frd.ibb.istanbul\/en\/wp-content\/uploads\/2024\/05\/Turkmenistan-scaled-845x684.jpeg 845w, https:\/\/frd.ibb.istanbul\/en\/wp-content\/uploads\/2024\/05\/Turkmenistan-scaled-495x400.jpeg 495w\" sizes=\"(max-width: 845px) 100vw, 845px\" \/><\/div><\/li><\/ul><\/div><\/div><\/div><!--close column table wrapper. Autoclose: 1 --><\/p>\n","protected":false},"excerpt":{"rendered":"","protected":false},"author":3,"featured_media":{"id":12328,"url":"https:\/\/frd.ibb.istanbul\/en\/wp-content\/uploads\/2024\/05\/Turkmenistan-scaled.jpeg","sizes":{"thumbnail":"https:\/\/frd.ibb.istanbul\/en\/wp-content\/uploads\/2024\/05\/Turkmenistan-scaled-80x80.jpeg","medium":"https:\/\/frd.ibb.istanbul\/en\/wp-content\/uploads\/2024\/05\/Turkmenistan-scaled-225x300.jpeg","medium_large":"https:\/\/frd.ibb.istanbul\/en\/wp-content\/uploads\/2024\/05\/Turkmenistan-scaled-768x1024.jpeg","large":"https:\/\/frd.ibb.istanbul\/en\/wp-content\/uploads\/2024\/05\/Turkmenistan-scaled-773x1030.jpeg","1536x1536":"https:\/\/frd.ibb.istanbul\/en\/wp-content\/uploads\/2024\/05\/Turkmenistan-scaled-1152x1536.jpeg","2048x2048":"https:\/\/frd.ibb.istanbul\/en\/wp-content\/uploads\/2024\/05\/Turkmenistan-scaled-1536x2048.jpeg","widget":"https:\/\/frd.ibb.istanbul\/en\/wp-content\/uploads\/2024\/05\/Turkmenistan-scaled-36x36.jpeg","square":"https:\/\/frd.ibb.istanbul\/en\/wp-content\/uploads\/2024\/05\/Turkmenistan-scaled-180x180.jpeg","featured":"https:\/\/frd.ibb.istanbul\/en\/wp-content\/uploads\/2024\/05\/Turkmenistan-scaled-1500x430.jpeg","featured_large":"https:\/\/frd.ibb.istanbul\/en\/wp-content\/uploads\/2024\/05\/Turkmenistan-scaled-1500x630.jpeg","extra_large":"https:\/\/frd.ibb.istanbul\/en\/wp-content\/uploads\/2024\/05\/Turkmenistan-scaled-1125x1500.jpeg","portfolio":"https:\/\/frd.ibb.istanbul\/en\/wp-content\/uploads\/2024\/05\/Turkmenistan-scaled-495x400.jpeg","portfolio_small":"https:\/\/frd.ibb.istanbul\/en\/wp-content\/uploads\/2024\/05\/Turkmenistan-scaled-260x185.jpeg","gallery":"https:\/\/frd.ibb.istanbul\/en\/wp-content\/uploads\/2024\/05\/Turkmenistan-scaled-845x684.jpeg","magazine":"https:\/\/frd.ibb.istanbul\/en\/wp-content\/uploads\/2024\/05\/Turkmenistan-scaled-710x375.jpeg","masonry":"https:\/\/frd.ibb.istanbul\/en\/wp-content\/uploads\/2024\/05\/Turkmenistan-scaled-529x705.jpeg","entry_with_sidebar":"https:\/\/frd.ibb.istanbul\/en\/wp-content\/uploads\/2024\/05\/Turkmenistan-scaled-845x321.jpeg","entry_without_sidebar":"https:\/\/frd.ibb.istanbul\/en\/wp-content\/uploads\/2024\/05\/Turkmenistan-scaled-1210x423.jpeg"}},"parent":0,"menu_order":0,"comment_status":"closed","ping_status":"closed","template":"","meta":{"footnotes":""},"categories":[1,313],"tags":[],"class_list":["post-12937","page","type-page","status-publish","format-standard","has-post-thumbnail","hentry","category-genel","category-uluslararasi-temaslar"],"_links":{"self":[{"href":"https:\/\/frd.ibb.istanbul\/en\/wp-json\/wp\/v2\/pages\/12937","targetHints":{"allow":["GET"]}}],"collection":[{"href":"https:\/\/frd.ibb.istanbul\/en\/wp-json\/wp\/v2\/pages"}],"about":[{"href":"https:\/\/frd.ibb.istanbul\/en\/wp-json\/wp\/v2\/types\/page"}],"author":[{"embeddable":true,"href":"https:\/\/frd.ibb.istanbul\/en\/wp-json\/wp\/v2\/users\/3"}],"replies":[{"embeddable":true,"href":"https:\/\/frd.ibb.istanbul\/en\/wp-json\/wp\/v2\/comments?post=12937"}],"version-history":[{"count":3,"href":"https:\/\/frd.ibb.istanbul\/en\/wp-json\/wp\/v2\/pages\/12937\/revisions"}],"predecessor-version":[{"id":13484,"href":"https:\/\/frd.ibb.istanbul\/en\/wp-json\/wp\/v2\/pages\/12937\/revisions\/13484"}],"wp:featuredmedia":[{"embeddable":true,"href":"https:\/\/frd.ibb.istanbul\/en\/wp-json\/wp\/v2\/media\/12328"}],"wp:attachment":[{"href":"https:\/\/frd.ibb.istanbul\/en\/wp-json\/wp\/v2\/media?parent=12937"}],"wp:term":[{"taxonomy":"category","embeddable":true,"href":"https:\/\/frd.ibb.istanbul\/en\/wp-json\/wp\/v2\/categories?post=12937"},{"taxonomy":"post_tag","embeddable":true,"href":"https:\/\/frd.ibb.istanbul\/en\/wp-json\/wp\/v2\/tags?post=12937"}],"curies":[{"name":"wp","href":"https:\/\/api.w.org\/{rel}","templated":true}]}}